{"id":322,"date":"2023-01-26T18:35:49","date_gmt":"2023-01-26T17:35:49","guid":{"rendered":"https:\/\/express-diplomarbeit.at\/prices\/"},"modified":"2025-10-09T10:43:25","modified_gmt":"2025-10-09T08:43:25","slug":"prices","status":"publish","type":"page","link":"https:\/\/express-diplomarbeit.at\/en\/prices\/","title":{"rendered":"Prices"},"content":{"rendered":"<p>[et_pb_section fb_built=&#8221;1&#8243; _builder_version=&#8221;4.19.1&#8243; _module_preset=&#8221;default&#8221; use_background_color_gradient=&#8221;on&#8221; background_color_gradient_stops=&#8221;#ffffff 0%|rgba(255,255,255,0.5) 100%&#8221; background_color_gradient_overlays_image=&#8221;on&#8221; background_color_gradient_start=&#8221;#ffffff&#8221; background_color_gradient_end=&#8221;rgba(0,0,0,0)&#8221; background_image=&#8221;https:\/\/speedprint.wien\/wp-content\/uploads\/sites\/6\/2023\/01\/Express-Diplomarbeit-online-bestellen-scaled.jpg&#8221; background_position=&#8221;top_left&#8221; global_colors_info=&#8221;{}&#8221;][et_pb_row column_structure=&#8221;1_2,1_2&#8243; _builder_version=&#8221;4.19.1&#8243; _module_preset=&#8221;default&#8221; width_last_edited=&#8221;off|desktop&#8221; global_colors_info=&#8221;{}&#8221;][et_pb_column type=&#8221;1_2&#8243; _builder_version=&#8221;4.16&#8243; _module_preset=&#8221;default&#8221; global_colors_info=&#8221;{}&#8221;][et_pb_text _builder_version=&#8221;4.19.1&#8243; _module_preset=&#8221;default&#8221; global_colors_info=&#8221;{}&#8221;]<\/p>\n<h1>Diploma theses<\/h1>\n<h2>Fast and affordable printing<\/h2>\n<p>We print, bind and emboss your diploma thesis, master&#8217;s thesis, bachelor&#8217;s thesis, master&#8217;s thesis, dissertation, habilitation or final thesis in an uncomplicated, extremely fast and cost-effective way.<\/p>\n<p>[\/et_pb_text][\/et_pb_column][et_pb_column type=&#8221;1_2&#8243; _builder_version=&#8221;4.16&#8243; _module_preset=&#8221;default&#8221; global_colors_info=&#8221;{}&#8221;][et_pb_text admin_label=&#8221;Papier Druck&#8221; _builder_version=&#8221;4.19.1&#8243; _module_preset=&#8221;default&#8221; global_colors_info=&#8221;{}&#8221;]<\/p>\n<h3>Paper Print<\/h3>\n\n<table id=\"tablepress-6\" class=\"tablepress tablepress-id-6\">\n<thead>\n<tr class=\"row-1\">\n\t<th class=\"column-1\">Druck A4<\/th><th class=\"column-2\">Einzelpreis<br \/>\ninkl. 20% MwSt.<\/th><th class=\"column-3\">Einzelpreis<br \/>\ninkl. 20% MwSt.<\/th>\n<\/tr>\n<\/thead>\n<tbody class=\"row-hover\">\n<tr class=\"row-2\">\n\t<td class=\"column-1\"><strong>s\/w-Seiten<\/strong><\/td><td class=\"column-2\"><strong>80 g Papier matt wei\u00df<\/strong><\/td><td class=\"column-3\"><strong>100 g Papier matt wei\u00df<\/strong><\/td>\n<\/tr>\n<tr class=\"row-3\">\n\t<td class=\"column-1\">AKTION<\/td><td class=\"column-2\">0,08 \u20ac<\/td><td class=\"column-3\">0,12 \u20ac<\/td>\n<\/tr>\n<tr class=\"row-4\">\n\t<td class=\"column-1\"><strong>Farbseiten<\/strong><\/td><td class=\"column-2\"><\/td><td class=\"column-3\"><\/td>\n<\/tr>\n<tr class=\"row-5\">\n\t<td class=\"column-1\">bis 249<\/td><td class=\"column-2\">0,44 \u20ac<\/td><td class=\"column-3\">0,48 \u20ac<\/td>\n<\/tr>\n<tr class=\"row-6\">\n\t<td class=\"column-1\">ab 250<\/td><td class=\"column-2\">0,30 \u20ac<\/td><td class=\"column-3\">0,34 \u20ac<\/td>\n<\/tr>\n<tr class=\"row-7\">\n\t<td class=\"column-1\">ab 500<\/td><td class=\"column-2\">0,24 \u20ac<\/td><td class=\"column-3\">0,28 \u20ac<\/td>\n<\/tr>\n<tr class=\"row-8\">\n\t<td class=\"column-1\">ab 1.000<\/td><td class=\"column-2\">0,21 \u20ac<\/td><td class=\"column-3\">0,25 \u20ac<\/td>\n<\/tr>\n<\/tbody>\n<\/table>\n<!-- #tablepress-6 from cache -->\n<p>[\/et_pb_text][\/et_pb_column][\/et_pb_row][et_pb_row column_structure=&#8221;1_2,1_2&#8243; _builder_version=&#8221;4.19.1&#8243; _module_preset=&#8221;default&#8221; global_colors_info=&#8221;{}&#8221;][et_pb_column type=&#8221;1_2&#8243; _builder_version=&#8221;4.19.1&#8243; _module_preset=&#8221;default&#8221; global_colors_info=&#8221;{}&#8221;][et_pb_text admin_label=&#8221;Hardcoverbindung&#8221; _builder_version=&#8221;4.19.1&#8243; _module_preset=&#8221;default&#8221; global_colors_info=&#8221;{}&#8221;]<\/p>\n<h3>Hardcover binding (diploma style)<\/h3>\n\n<table id=\"tablepress-2\" class=\"tablepress tablepress-id-2\">\n<thead>\n<tr class=\"row-1\">\n\t<th class=\"column-1\">Farben<\/th><th class=\"column-2\">Einzelpreis<br \/>\ninkl. 20% MwSt.<\/th>\n<\/tr>\n<\/thead>\n<tbody class=\"row-hover\">\n<tr class=\"row-2\">\n\t<td class=\"column-1\">Schwarz, Dunkelblau, Dunkelrot, Dunkelgr\u00fcn, Grau<\/td><td class=\"column-2\">20,00 \u20ac<\/td>\n<\/tr>\n<\/tbody>\n<\/table>\n<!-- #tablepress-2 from cache -->\n<p>[\/et_pb_text][\/et_pb_column][et_pb_column type=&#8221;1_2&#8243; _builder_version=&#8221;4.19.1&#8243; _module_preset=&#8221;default&#8221; global_colors_info=&#8221;{}&#8221;][et_pb_text admin_label=&#8221;Textilklebeband-Bindung&#8221; _builder_version=&#8221;4.19.1&#8243; _module_preset=&#8221;default&#8221; global_colors_info=&#8221;{}&#8221;]<\/p>\n<h3>Textile adhesive tape binding<\/h3>\n\n<table id=\"tablepress-1\" class=\"tablepress tablepress-id-1 tbody-has-connected-cells\">\n<thead>\n<tr class=\"row-1\">\n\t<th class=\"column-1\">R\u00fcckenst\u00e4rke<\/th><th class=\"column-2\">Einzelpreis<br \/>\ninkl. 20% MwSt.<\/th>\n<\/tr>\n<\/thead>\n<tbody class=\"row-hover\">\n<tr class=\"row-2\">\n\t<td class=\"column-1\">schmal<\/td><td class=\"column-2\">5,00 \u20ac<\/td>\n<\/tr>\n<tr class=\"row-3\">\n\t<td class=\"column-1\">mittel<\/td><td class=\"column-2\">5,50 \u20ac<\/td>\n<\/tr>\n<tr class=\"row-4\">\n\t<td class=\"column-1\">breit<\/td><td class=\"column-2\">6,00 \u20ac<\/td>\n<\/tr>\n<tr class=\"row-5\">\n\t<td colspan=\"2\" class=\"column-1\">inkl. transparentem Deckblatt und einem wei\u00dfen\/schwarzen R\u00fcckenkarton<\/td>\n<\/tr>\n<\/tbody>\n<\/table>\n<!-- #tablepress-1 from cache -->\n<p>[\/et_pb_text][\/et_pb_column][\/et_pb_row][et_pb_row column_structure=&#8221;1_2,1_2&#8243; _builder_version=&#8221;4.19.1&#8243; _module_preset=&#8221;default&#8221; global_colors_info=&#8221;{}&#8221;][et_pb_column type=&#8221;1_2&#8243; _builder_version=&#8221;4.19.1&#8243; _module_preset=&#8221;default&#8221; global_colors_info=&#8221;{}&#8221;][et_pb_text admin_label=&#8221;Drahtspiralbindung&#8221; _builder_version=&#8221;4.19.1&#8243; _module_preset=&#8221;default&#8221; global_colors_info=&#8221;{}&#8221;]<\/p>\n<h3>Wire spiral binding<\/h3>\n\n<table id=\"tablepress-4\" class=\"tablepress tablepress-id-4 tbody-has-connected-cells\">\n<thead>\n<tr class=\"row-1\">\n\t<th class=\"column-1\">Spiralst\u00e4rke<\/th><th class=\"column-2\">Einzelpreis<br \/>\ninkl. 20% MwSt.<\/th>\n<\/tr>\n<\/thead>\n<tbody class=\"row-striping row-hover\">\n<tr class=\"row-2\">\n\t<td class=\"column-1\">schmal 3:1<\/td><td class=\"column-2\">5,00 \u20ac<\/td>\n<\/tr>\n<tr class=\"row-3\">\n\t<td class=\"column-1\">mittel 3:1<\/td><td class=\"column-2\">5,50 \u20ac<\/td>\n<\/tr>\n<tr class=\"row-4\">\n\t<td class=\"column-1\">breit 3:1<\/td><td class=\"column-2\">6,00 \u20ac<\/td>\n<\/tr>\n<tr class=\"row-5\">\n\t<td class=\"column-1\">extra breit 2:1<\/td><td class=\"column-2\">9,00 \u20ac<\/td>\n<\/tr>\n<tr class=\"row-6\">\n\t<td colspan=\"2\" class=\"column-1\">inkl. transparentem Deckblatt und einem wei\u00dfen\/schwarzen R\u00fcckenkarton<\/td>\n<\/tr>\n<tr class=\"row-7\">\n\t<td colspan=\"2\" class=\"column-1\">Drahtfarben: silber, schwarz, wei\u00df, rot, blau, gr\u00fcn<\/td>\n<\/tr>\n<tr class=\"row-8\">\n\t<td colspan=\"2\" class=\"column-1\">Aufpreis bei Querformat (Landscape) bzw Sonderformaten und \u00dcbergr\u00f6\u00dfen<\/td>\n<\/tr>\n<\/tbody>\n<\/table>\n<!-- #tablepress-4 from cache -->\n<p>[\/et_pb_text][\/et_pb_column][et_pb_column type=&#8221;1_2&#8243; _builder_version=&#8221;4.19.1&#8243; _module_preset=&#8221;default&#8221; global_colors_info=&#8221;{}&#8221;][et_pb_text admin_label=&#8221;Plastikspiralbindung&#8221; _builder_version=&#8221;4.19.1&#8243; _module_preset=&#8221;default&#8221; global_colors_info=&#8221;{}&#8221;]<\/p>\n<h3>Plastic spiral binding<\/h3>\n\n<table id=\"tablepress-3\" class=\"tablepress tablepress-id-3 tbody-has-connected-cells\">\n<thead>\n<tr class=\"row-1\">\n\t<th class=\"column-1\">Spiralst\u00e4rke<\/th><th class=\"column-2\">Einzelpreis<br \/>\ninkl. 20% MwSt.<\/th>\n<\/tr>\n<\/thead>\n<tbody class=\"row-striping row-hover\">\n<tr class=\"row-2\">\n\t<td class=\"column-1\">schmal<\/td><td class=\"column-2\">5,00 \u20ac<\/td>\n<\/tr>\n<tr class=\"row-3\">\n\t<td class=\"column-1\">mittel<\/td><td class=\"column-2\">5,50 \u20ac<\/td>\n<\/tr>\n<tr class=\"row-4\">\n\t<td class=\"column-1\">breit<\/td><td class=\"column-2\">6,00 \u20ac<\/td>\n<\/tr>\n<tr class=\"row-5\">\n\t<td class=\"column-1\">extra breit<\/td><td class=\"column-2\">8,00 \u20ac<\/td>\n<\/tr>\n<tr class=\"row-6\">\n\t<td colspan=\"2\" class=\"column-1\">inkl. transparentem Deckblatt und einem wei\u00dfen\/schwarzen R\u00fcckenkarton<\/td>\n<\/tr>\n<tr class=\"row-7\">\n\t<td colspan=\"2\" class=\"column-1\">Plastikfarben: schwarz, wei\u00df<\/td>\n<\/tr>\n<tr class=\"row-8\">\n\t<td colspan=\"2\" class=\"column-1\">Aufpreis bei Querformat (Landscape) bzw Sonderformaten und \u00dcbergr\u00f6\u00dfen<\/td>\n<\/tr>\n<\/tbody>\n<\/table>\n<!-- #tablepress-3 from cache -->\n<p>[\/et_pb_text][\/et_pb_column][\/et_pb_row][et_pb_row column_structure=&#8221;1_2,1_2&#8243; _builder_version=&#8221;4.19.1&#8243; _module_preset=&#8221;default&#8221; global_colors_info=&#8221;{}&#8221;][et_pb_column type=&#8221;1_2&#8243; _builder_version=&#8221;4.19.1&#8243; _module_preset=&#8221;default&#8221; global_colors_info=&#8221;{}&#8221;][et_pb_text admin_label=&#8221;Folienpr\u00e4gung&#8221; _builder_version=&#8221;4.19.1&#8243; _module_preset=&#8221;default&#8221; global_colors_info=&#8221;{}&#8221;]<\/p>\n<h3>Foil embossing*<\/h3>\n\n<table id=\"tablepress-5\" class=\"tablepress tablepress-id-5\">\n<thead>\n<tr class=\"row-1\">\n\t<th class=\"column-1\">Gold oder Silber<\/th><th class=\"column-2\">Einzelpreis<br \/>\ninkl. 20% MwSt.<\/th>\n<\/tr>\n<\/thead>\n<tbody class=\"row-hover\">\n<tr class=\"row-2\">\n\t<td class=\"column-1\">Buchr\u00fccken (eine Zeile)**<\/td><td class=\"column-2\">10,00 \u20ac<\/td>\n<\/tr>\n<tr class=\"row-3\">\n\t<td class=\"column-1\">Cover pro Zeile)<\/td><td class=\"column-2\">3,00 \u20ac<\/td>\n<\/tr>\n<tr class=\"row-4\">\n\t<td class=\"column-1\">pro Logo***<\/td><td class=\"column-2\">4,00 \u20ac<\/td>\n<\/tr>\n<\/tbody>\n<\/table>\n<!-- #tablepress-5 from cache -->\n<p>* Embossing is only possible on a hardcover.<br \/>** at least 30-40 sheets of paper should be available for embossing the spine of a book, otherwise the hardcoverotherwise the hardcover will appear somewhat empty.<br \/>*** Logos are required in the highest possible resolution as JPEG or vector graphics.<\/p>\n<p>[\/et_pb_text][\/et_pb_column][et_pb_column type=&#8221;1_2&#8243; _builder_version=&#8221;4.19.1&#8243; _module_preset=&#8221;default&#8221; global_colors_info=&#8221;{}&#8221;][et_pb_text admin_label=&#8221;CD&#8221; _builder_version=&#8221;4.19.1&#8243; _module_preset=&#8221;default&#8221; hover_enabled=&#8221;0&#8243; global_colors_info=&#8221;{}&#8221; sticky_enabled=&#8221;0&#8243;]<\/p>\n<h3>CD<\/h3>\n\n<table id=\"tablepress-7\" class=\"tablepress tablepress-id-7\">\n<thead>\n<tr class=\"row-1\">\n\t<td class=\"column-1\"><\/td><th class=\"column-2\">Einzelpreis<br \/>\ninkl. 20% MwSt.<\/th>\n<\/tr>\n<\/thead>\n<tbody class=\"row-hover\">\n<tr class=\"row-2\">\n\t<td class=\"column-1\">CD Erstellung<\/td><td class=\"column-2\">6,00 \u20ac<\/td>\n<\/tr>\n<tr class=\"row-3\">\n\t<td class=\"column-1\">CD Klebetasche<\/td><td class=\"column-2\">2,00 \u20ac<\/td>\n<\/tr>\n<tr class=\"row-4\">\n\t<td class=\"column-1\">CD Aufdruck<\/td><td class=\"column-2\">5,00 \u20ac<\/td>\n<\/tr>\n<\/tbody>\n<\/table>\n<!-- #tablepress-7 from cache -->\n<p>[\/et_pb_text][\/et_pb_column][\/et_pb_row][\/et_pb_section]<\/p>\n","protected":false},"excerpt":{"rendered":"<p>Diploma theses Fast and affordable printing We print, bind and emboss your diploma thesis, master&#8217;s thesis, bachelor&#8217;s thesis, master&#8217;s thesis, dissertation, habilitation or final thesis in an uncomplicated, extremely fast and cost-effective way.Paper Print \n<table id=\"tablepress-6-no-2\" class=\"tablepress tablepress-id-6\">\n<thead>\n<tr class=\"row-1\">\n\t<th class=\"column-1\">Druck A4<\/th><th class=\"column-2\">Einzelpreis<br \/>\ninkl. 20% MwSt.<\/th><th class=\"column-3\">Einzelpreis<br \/>\ninkl. 20% MwSt.<\/th>\n<\/tr>\n<\/thead>\n<tbody class=\"row-hover\">\n<tr class=\"row-2\">\n\t<td class=\"column-1\"><strong>s\/w-Seiten<\/strong><\/td><td class=\"column-2\"><strong>80 g Papier matt wei\u00df<\/strong><\/td><td class=\"column-3\"><strong>100 g Papier matt wei\u00df<\/strong><\/td>\n<\/tr>\n<tr class=\"row-3\">\n\t<td class=\"column-1\">AKTION<\/td><td class=\"column-2\">0,08 \u20ac<\/td><td class=\"column-3\">0,12 \u20ac<\/td>\n<\/tr>\n<tr class=\"row-4\">\n\t<td class=\"column-1\"><strong>Farbseiten<\/strong><\/td><td class=\"column-2\"><\/td><td class=\"column-3\"><\/td>\n<\/tr>\n<tr class=\"row-5\">\n\t<td class=\"column-1\">bis 249<\/td><td class=\"column-2\">0,44 \u20ac<\/td><td class=\"column-3\">0,48 \u20ac<\/td>\n<\/tr>\n<tr class=\"row-6\">\n\t<td class=\"column-1\">ab 250<\/td><td class=\"column-2\">0,30 \u20ac<\/td><td class=\"column-3\">0,34 \u20ac<\/td>\n<\/tr>\n<tr class=\"row-7\">\n\t<td class=\"column-1\">ab 500<\/td><td class=\"column-2\">0,24 \u20ac<\/td><td class=\"column-3\">0,28 \u20ac<\/td>\n<\/tr>\n<tr class=\"row-8\">\n\t<td class=\"column-1\">ab 1.000<\/td><td class=\"column-2\">0,21 \u20ac<\/td><td class=\"column-3\">0,25 \u20ac<\/td>\n<\/tr>\n<\/tbody>\n<\/table>\nHardcover binding (diploma style) \n<table id=\"tablepress-2-no-2\" class=\"tablepress tablepress-id-2\">\n<thead>\n<tr class=\"row-1\">\n\t<th class=\"column-1\">Farben<\/th><th class=\"column-2\">Einzelpreis<br \/>\ninkl. 20% MwSt.<\/th>\n<\/tr>\n<\/thead>\n<tbody class=\"row-hover\">\n<tr class=\"row-2\">\n\t<td class=\"column-1\">Schwarz, Dunkelblau, Dunkelrot, Dunkelgr\u00fcn, Grau<\/td><td class=\"column-2\">20,00 \u20ac<\/td>\n<\/tr>\n<\/tbody>\n<\/table>\nTextile adhesive tape binding \n<table id=\"tablepress-1-no-2\" class=\"tablepress tablepress-id-1 tbody-has-connected-cells\">\n<thead>\n<tr class=\"row-1\">\n\t<th class=\"column-1\">R\u00fcckenst\u00e4rke<\/th><th class=\"column-2\">Einzelpreis<br \/>\ninkl. 20% MwSt.<\/th>\n<\/tr>\n<\/thead>\n<tbody class=\"row-hover\">\n<tr class=\"row-2\">\n\t<td class=\"column-1\">schmal<\/td><td class=\"column-2\">5,00 \u20ac<\/td>\n<\/tr>\n<tr class=\"row-3\">\n\t<td class=\"column-1\">mittel<\/td><td class=\"column-2\">5,50 \u20ac<\/td>\n<\/tr>\n<tr class=\"row-4\">\n\t<td class=\"column-1\">breit<\/td><td class=\"column-2\">6,00 \u20ac<\/td>\n<\/tr>\n<tr class=\"row-5\">\n\t<td colspan=\"2\" class=\"column-1\">inkl. transparentem Deckblatt und einem wei\u00dfen\/schwarzen R\u00fcckenkarton<\/td>\n<\/tr>\n<\/tbody>\n<\/table>\nWire spiral binding \n<table id=\"tablepress-4-no-2\" class=\"tablepress tablepress-id-4 tbody-has-connected-cells\">\n<thead>\n<tr class=\"row-1\">\n\t<th class=\"column-1\">Spiralst\u00e4rke<\/th><th class=\"column-2\">Einzelpreis<br \/>\ninkl. 20% MwSt.<\/th>\n<\/tr>\n<\/thead>\n<tbody class=\"row-striping row-hover\">\n<tr class=\"row-2\">\n\t<td class=\"column-1\">schmal 3:1<\/td><td class=\"column-2\">5,00 \u20ac<\/td>\n<\/tr>\n<tr class=\"row-3\">\n\t<td class=\"column-1\">mittel 3:1<\/td><td class=\"column-2\">5,50 \u20ac<\/td>\n<\/tr>\n<tr class=\"row-4\">\n\t<td class=\"column-1\">breit 3:1<\/td><td class=\"column-2\">6,00 \u20ac<\/td>\n<\/tr>\n<tr class=\"row-5\">\n\t<td class=\"column-1\">extra breit 2:1<\/td><td class=\"column-2\">9,00 \u20ac<\/td>\n<\/tr>\n<tr class=\"row-6\">\n\t<td colspan=\"2\" class=\"column-1\">inkl. transparentem Deckblatt und einem wei\u00dfen\/schwarzen R\u00fcckenkarton<\/td>\n<\/tr>\n<tr class=\"row-7\">\n\t<td colspan=\"2\" class=\"column-1\">Drahtfarben: silber, schwarz, wei\u00df, rot, blau, gr\u00fcn<\/td>\n<\/tr>\n<tr class=\"row-8\">\n\t<td colspan=\"2\" class=\"column-1\">Aufpreis bei Querformat (Landscape) bzw Sonderformaten und \u00dcbergr\u00f6\u00dfen<\/td>\n<\/tr>\n<\/tbody>\n<\/table>\nPlastic spiral [&hellip;]<\/p>\n","protected":false},"author":1,"featured_media":0,"parent":0,"menu_order":0,"comment_status":"closed","ping_status":"closed","template":"","meta":{"_et_pb_use_builder":"on","_et_pb_old_content":"","_et_gb_content_width":"","footnotes":""},"class_list":["post-322","page","type-page","status-publish","hentry"],"_links":{"self":[{"href":"https:\/\/express-diplomarbeit.at\/en\/wp-json\/wp\/v2\/pages\/322","targetHints":{"allow":["GET"]}}],"collection":[{"href":"https:\/\/express-diplomarbeit.at\/en\/wp-json\/wp\/v2\/pages"}],"about":[{"href":"https:\/\/express-diplomarbeit.at\/en\/wp-json\/wp\/v2\/types\/page"}],"author":[{"embeddable":true,"href":"https:\/\/express-diplomarbeit.at\/en\/wp-json\/wp\/v2\/users\/1"}],"replies":[{"embeddable":true,"href":"https:\/\/express-diplomarbeit.at\/en\/wp-json\/wp\/v2\/comments?post=322"}],"version-history":[{"count":5,"href":"https:\/\/express-diplomarbeit.at\/en\/wp-json\/wp\/v2\/pages\/322\/revisions"}],"predecessor-version":[{"id":327,"href":"https:\/\/express-diplomarbeit.at\/en\/wp-json\/wp\/v2\/pages\/322\/revisions\/327"}],"wp:attachment":[{"href":"https:\/\/express-diplomarbeit.at\/en\/wp-json\/wp\/v2\/media?parent=322"}],"curies":[{"name":"wp","href":"https:\/\/api.w.org\/{rel}","templated":true}]}}